{"id":96,"date":"2015-01-29T12:48:35","date_gmt":"2015-01-29T11:48:35","guid":{"rendered":"http:\/\/new.elce.se\/?page_id=96"},"modified":"2015-01-30T15:02:55","modified_gmt":"2015-01-30T14:02:55","slug":"fjarrskrivbord","status":"publish","type":"page","link":"http:\/\/new.elce.se\/?page_id=96","title":{"rendered":"Fj\u00e4rrskrivbord"},"content":{"rendered":"<h1 class=\"title_article matXL\"><img loading=\"lazy\" decoding=\"async\" class=\"  aligncenter wp-image-372 size-large\" src=\"http:\/\/new.elce.se\/wp-content\/uploads\/2015\/01\/remote-1024x576.png\" alt=\"remote\" width=\"590\" height=\"332\" srcset=\"http:\/\/new.elce.se\/wp-content\/uploads\/2015\/01\/remote-1024x576.png 1024w, http:\/\/new.elce.se\/wp-content\/uploads\/2015\/01\/remote-300x169.png 300w, http:\/\/new.elce.se\/wp-content\/uploads\/2015\/01\/remote.png 1921w\" sizes=\"auto, (max-width: 590px) 100vw, 590px\" \/>Anslutning till fj\u00e4rrskrivbord<\/h1>\n<p class=\"para\">Har du n\u00e5gonsin \u00f6nskat dig att du kunde ansluta till din dator \u00e4ven n\u00e4r du befinner dig p\u00e5 resa?<\/p>\n<p class=\"para\">Med Fj\u00e4rrskrivbordet kan du ansluta tv\u00e5 datorer via ett n\u00e4tverk eller Internet. N\u00e4r du har anslutit datorerna kan du arbeta med fj\u00e4rrdatorn p\u00e5 precis samma s\u00e4tt som om du satt framf\u00f6r den, med \u00e5tkomst till alla dess program och filer.<\/p>\n<p class=\"para\">Med Anslutning till fj\u00e4rrskrivbord kan du ansluta till en dator fr\u00e5n en annan dator som \u00e4r ansluten till samma n\u00e4tverk eller till Internet. Du kan till exempel anv\u00e4nda alla dina program, filer och n\u00e4tverksresurser p\u00e5 jobbdatorn fr\u00e5n hemdatorn, och det blir precis som om du satt framf\u00f6r datorn p\u00e5 jobbet.<\/p>\n<p class=\"para\">F\u00f6r att du ska kunna ansluta till en fj\u00e4rrdator m\u00e5ste datorn vara aktiverad, den m\u00e5ste ha en n\u00e4tverksanslutning, Fj\u00e4rrskrivbord m\u00e5ste vara aktiverat, du m\u00e5ste ha \u00e5tkomst via n\u00e4tverket till fj\u00e4rrdatorn (detta skulle kunna vara via Internet) och du m\u00e5ste ha beh\u00f6righet att ansluta. Du m\u00e5ste finnas i listan \u00f6ver anv\u00e4ndare f\u00f6r att ha beh\u00f6righet att ansluta. Innan du p\u00e5b\u00f6rjar en anslutning \u00e4r det en bra id\u00e9 att leta upp namnet p\u00e5 den dator som du ansluter till och se till att fj\u00e4rrskrivbordsanslutningar till\u00e5ts genom dess brandv\u00e4gg.<\/p>\n<p class=\"para\">Om det inte kr\u00e4vs ett l\u00f6senord f\u00f6r att logga in p\u00e5 ditt anv\u00e4ndarkonto m\u00e5ste du l\u00e4gga till ett l\u00f6senord innan du kan p\u00e5b\u00f6rja en anslutning till en fj\u00e4rrdator.<\/p>\n<p class=\"para\">Tj\u00e4nsten Fj\u00e4rrskrivbord inneb\u00e4r att f\u00f6retagets hela IT-l\u00f6sning driftas i en datorhall. Varje anv\u00e4ndare f\u00e5r sitt eget \u201dskrivbord\u201d som ger tillg\u00e4nglighet till f\u00f6retagets dokument, program och tj\u00e4nster. Dessa g\u00e5r sj\u00e4lvklart att komma \u00e5t var anv\u00e4ndaren \u00e4n befinner sig. ELCE\u00a0ansvarar f\u00f6r att allt fungerar och finns tillg\u00e4ngliga f\u00f6r telefonsupport.<\/p>\n","protected":false},"excerpt":{"rendered":"<p>Anslutning till fj\u00e4rrskrivbord Har du n\u00e5gonsin \u00f6nskat dig att du kunde ansluta till din dator \u00e4ven n\u00e4r du befinner dig p\u00e5 resa? Med Fj\u00e4rrskrivbordet kan du ansluta tv\u00e5 datorer via ett n\u00e4tverk eller Internet. N\u00e4r du har anslutit datorerna kan du arbeta med fj\u00e4rrdatorn p\u00e5 precis samma s\u00e4tt som om du satt framf\u00f6r den, med [&hellip;]<\/p>\n","protected":false},"author":1,"featured_media":0,"parent":86,"menu_order":0,"comment_status":"closed","ping_status":"open","template":"","meta":{"footnotes":""},"class_list":["post-96","page","type-page","status-publish","hentry"],"_links":{"self":[{"href":"http:\/\/new.elce.se\/index.php?rest_route=\/wp\/v2\/pages\/96","targetHints":{"allow":["GET"]}}],"collection":[{"href":"http:\/\/new.elce.se\/index.php?rest_route=\/wp\/v2\/pages"}],"about":[{"href":"http:\/\/new.elce.se\/index.php?rest_route=\/wp\/v2\/types\/page"}],"author":[{"embeddable":true,"href":"http:\/\/new.elce.se\/index.php?rest_route=\/wp\/v2\/users\/1"}],"replies":[{"embeddable":true,"href":"http:\/\/new.elce.se\/index.php?rest_route=%2Fwp%2Fv2%2Fcomments&post=96"}],"version-history":[{"count":9,"href":"http:\/\/new.elce.se\/index.php?rest_route=\/wp\/v2\/pages\/96\/revisions"}],"predecessor-version":[{"id":380,"href":"http:\/\/new.elce.se\/index.php?rest_route=\/wp\/v2\/pages\/96\/revisions\/380"}],"up":[{"embeddable":true,"href":"http:\/\/new.elce.se\/index.php?rest_route=\/wp\/v2\/pages\/86"}],"wp:attachment":[{"href":"http:\/\/new.elce.se\/index.php?rest_route=%2Fwp%2Fv2%2Fmedia&parent=96"}],"curies":[{"name":"wp","href":"https:\/\/api.w.org\/{rel}","templated":true}]}}