{"id":90,"date":"2015-01-29T12:47:38","date_gmt":"2015-01-29T11:47:38","guid":{"rendered":"http:\/\/new.elce.se\/?page_id=90"},"modified":"2020-11-25T16:28:13","modified_gmt":"2020-11-25T15:28:13","slug":"co-location","status":"publish","type":"page","link":"http:\/\/new.elce.se\/?page_id=90","title":{"rendered":"Co-Location"},"content":{"rendered":"<p>Co-location<\/p>\n<p style=\"padding-left: 30px;\">N\u00e4r du \u00e4ger en h\u00e5rdvara och vill ha den placerad f\u00f6r access mot internet.<\/p>\n<p style=\"padding-left: 30px;\">Vi ser till att servern \u00e4r ansluten till Internet och f\u00e5r el och kyla.<\/p>\n<p style=\"padding-left: 30px;\">Du \u00e4ger och ansvarar sj\u00e4lv f\u00f6r s\u00e5v\u00e4l h\u00e5rdvara som den mjukvara som k\u00f6rs p\u00e5 servern.<\/p>\n<p style=\"padding-left: 30px;\">I v\u00e5r milj\u00f6 v\u00e4ljer du sj\u00e4lv om du vill ha den inkopplad redundant eller enbart singel access.<\/p>\n<p style=\"padding-left: 30px;\">\n<p><img loading=\"lazy\" decoding=\"async\" class=\" wp-image-310 alignleft\" src=\"http:\/\/new.elce.se\/wp-content\/uploads\/2015\/01\/server-rack.jpg\" alt=\"server-rack\" width=\"509\" height=\"382\" srcset=\"http:\/\/new.elce.se\/wp-content\/uploads\/2015\/01\/server-rack.jpg 2560w, http:\/\/new.elce.se\/wp-content\/uploads\/2015\/01\/server-rack-300x225.jpg 300w, http:\/\/new.elce.se\/wp-content\/uploads\/2015\/01\/server-rack-1024x768.jpg 1024w\" sizes=\"auto, (max-width: 509px) 100vw, 509px\" \/><\/p>\n","protected":false},"excerpt":{"rendered":"<p>Co-location N\u00e4r du \u00e4ger en h\u00e5rdvara och vill ha den placerad f\u00f6r access mot internet. Vi ser till att servern \u00e4r ansluten till Internet och f\u00e5r el och kyla. Du \u00e4ger och ansvarar sj\u00e4lv f\u00f6r s\u00e5v\u00e4l h\u00e5rdvara som den mjukvara som k\u00f6rs p\u00e5 servern. I v\u00e5r milj\u00f6 v\u00e4ljer du sj\u00e4lv om du vill ha den [&hellip;]<\/p>\n","protected":false},"author":1,"featured_media":0,"parent":86,"menu_order":0,"comment_status":"closed","ping_status":"open","template":"","meta":{"footnotes":""},"class_list":["post-90","page","type-page","status-publish","hentry"],"_links":{"self":[{"href":"http:\/\/new.elce.se\/index.php?rest_route=\/wp\/v2\/pages\/90","targetHints":{"allow":["GET"]}}],"collection":[{"href":"http:\/\/new.elce.se\/index.php?rest_route=\/wp\/v2\/pages"}],"about":[{"href":"http:\/\/new.elce.se\/index.php?rest_route=\/wp\/v2\/types\/page"}],"author":[{"embeddable":true,"href":"http:\/\/new.elce.se\/index.php?rest_route=\/wp\/v2\/users\/1"}],"replies":[{"embeddable":true,"href":"http:\/\/new.elce.se\/index.php?rest_route=%2Fwp%2Fv2%2Fcomments&post=90"}],"version-history":[{"count":9,"href":"http:\/\/new.elce.se\/index.php?rest_route=\/wp\/v2\/pages\/90\/revisions"}],"predecessor-version":[{"id":405,"href":"http:\/\/new.elce.se\/index.php?rest_route=\/wp\/v2\/pages\/90\/revisions\/405"}],"up":[{"embeddable":true,"href":"http:\/\/new.elce.se\/index.php?rest_route=\/wp\/v2\/pages\/86"}],"wp:attachment":[{"href":"http:\/\/new.elce.se\/index.php?rest_route=%2Fwp%2Fv2%2Fmedia&parent=90"}],"curies":[{"name":"wp","href":"https:\/\/api.w.org\/{rel}","templated":true}]}}