{"id":88,"date":"2015-01-29T12:47:21","date_gmt":"2015-01-29T11:47:21","guid":{"rendered":"http:\/\/new.elce.se\/?page_id=88"},"modified":"2015-01-30T10:54:56","modified_gmt":"2015-01-30T09:54:56","slug":"hosting","status":"publish","type":"page","link":"http:\/\/new.elce.se\/?page_id=88","title":{"rendered":"Hosting"},"content":{"rendered":"<p><img loading=\"lazy\" decoding=\"async\" class=\" size-full wp-image-318 alignright\" src=\"http:\/\/new.elce.se\/wp-content\/uploads\/2015\/01\/IBM_Blade_Server_DataCentre__solutions.jpg\" alt=\"IBM_Blade_Server_DataCentre__solutions\" width=\"336\" height=\"457\" srcset=\"http:\/\/new.elce.se\/wp-content\/uploads\/2015\/01\/IBM_Blade_Server_DataCentre__solutions.jpg 336w, http:\/\/new.elce.se\/wp-content\/uploads\/2015\/01\/IBM_Blade_Server_DataCentre__solutions-221x300.jpg 221w\" sizes=\"auto, (max-width: 336px) 100vw, 336px\" \/>Hosting \u00e4r IT-drift d\u00e4r din server snurrar med konstant och stabil tillg\u00e4nglighet. Din personal<br \/>\nfokuserar p\u00e5 arbetsuppgifter som skapar v\u00e4rde i din organisation.\u00a0Vi erbjuder flexibla\u00a0tj\u00e4nster f\u00f6r serverhosting som vi anpassar efter dina behov.<\/p>\n<h3>HELHETSGREPP OM IT-DRIFTEN<br \/>\nGER KOSTNADSKONTROLL<\/h3>\n<p>Med v\u00e5ra tj\u00e4nster f\u00f6r serverdrift slipper du alla dolda kostnader f\u00f6r din server: el, kyla, s\u00e4kerhet,\u00a0backup, drift och\u00a0support.\u00a0Du f\u00e5r ett helhetsgrepp\u00a0grepp om din IT-drift och kontroll p\u00e5 kostnaderna f\u00f6r serverdriften.<\/p>\n<h3>DRIFTS\u00c4KERHET &amp;\u00a0KOSTNADSEFFEKTIVITET<\/h3>\n<p>Vi har levererat hosting sedan 2002. Med v\u00e5r erfarenhet hj\u00e4lper vi dig att f\u00f6rebygga och hantera de problem som\u00a0kan uppst\u00e5 vid drift av servrar.<\/p>\n<p>Vi \u00e4r nitiska n\u00e4r det g\u00e4ller s\u00e4kerhet och tillg\u00e4nglighet, och ger dig tydliga driftsgarantier f\u00f6r hosting av din server.<\/p>\n<p>&nbsp;<\/p>\n","protected":false},"excerpt":{"rendered":"<p>Hosting \u00e4r IT-drift d\u00e4r din server snurrar med konstant och stabil tillg\u00e4nglighet. Din personal fokuserar p\u00e5 arbetsuppgifter som skapar v\u00e4rde i din organisation.\u00a0Vi erbjuder flexibla\u00a0tj\u00e4nster f\u00f6r serverhosting som vi anpassar efter dina behov. HELHETSGREPP OM IT-DRIFTEN GER KOSTNADSKONTROLL Med v\u00e5ra tj\u00e4nster f\u00f6r serverdrift slipper du alla dolda kostnader f\u00f6r din server: el, kyla, s\u00e4kerhet,\u00a0backup, drift [&hellip;]<\/p>\n","protected":false},"author":1,"featured_media":0,"parent":86,"menu_order":0,"comment_status":"closed","ping_status":"open","template":"","meta":{"footnotes":""},"class_list":["post-88","page","type-page","status-publish","hentry"],"_links":{"self":[{"href":"http:\/\/new.elce.se\/index.php?rest_route=\/wp\/v2\/pages\/88","targetHints":{"allow":["GET"]}}],"collection":[{"href":"http:\/\/new.elce.se\/index.php?rest_route=\/wp\/v2\/pages"}],"about":[{"href":"http:\/\/new.elce.se\/index.php?rest_route=\/wp\/v2\/types\/page"}],"author":[{"embeddable":true,"href":"http:\/\/new.elce.se\/index.php?rest_route=\/wp\/v2\/users\/1"}],"replies":[{"embeddable":true,"href":"http:\/\/new.elce.se\/index.php?rest_route=%2Fwp%2Fv2%2Fcomments&post=88"}],"version-history":[{"count":10,"href":"http:\/\/new.elce.se\/index.php?rest_route=\/wp\/v2\/pages\/88\/revisions"}],"predecessor-version":[{"id":354,"href":"http:\/\/new.elce.se\/index.php?rest_route=\/wp\/v2\/pages\/88\/revisions\/354"}],"up":[{"embeddable":true,"href":"http:\/\/new.elce.se\/index.php?rest_route=\/wp\/v2\/pages\/86"}],"wp:attachment":[{"href":"http:\/\/new.elce.se\/index.php?rest_route=%2Fwp%2Fv2%2Fmedia&parent=88"}],"curies":[{"name":"wp","href":"https:\/\/api.w.org\/{rel}","templated":true}]}}