{"id":84,"date":"2015-01-29T12:38:59","date_gmt":"2015-01-29T11:38:59","guid":{"rendered":"http:\/\/new.elce.se\/?page_id=84"},"modified":"2015-01-30T15:04:34","modified_gmt":"2015-01-30T14:04:34","slug":"om-oss-2","status":"publish","type":"page","link":"http:\/\/new.elce.se\/?page_id=84","title":{"rendered":"Om oss"},"content":{"rendered":"<p>Vi \u00e4r ett lokalt f\u00f6retag i \u00c4ngelholm som levererar lokal nationell hosting milj\u00f6, samt hj\u00e4lp med utveckling av hemsidor. V\u00e5r aff\u00e4rsid\u00e9 \u00e4r att vara lokal nationell villket inneb\u00e4r att v\u00e5rt data lagras enbart i Sverige.<\/p>\n<p><img loading=\"lazy\" decoding=\"async\" class=\"alignnone wp-image-304 size-full\" src=\"http:\/\/new.elce.se\/wp-content\/uploads\/2015\/01\/ELCE_hosting_karta1.png\" alt=\"ELCE_hosting_karta\" width=\"2328\" height=\"1592\" srcset=\"http:\/\/new.elce.se\/wp-content\/uploads\/2015\/01\/ELCE_hosting_karta1.png 2328w, http:\/\/new.elce.se\/wp-content\/uploads\/2015\/01\/ELCE_hosting_karta1-300x205.png 300w, http:\/\/new.elce.se\/wp-content\/uploads\/2015\/01\/ELCE_hosting_karta1-1024x700.png 1024w\" sizes=\"auto, (max-width: 2328px) 100vw, 2328px\" \/><\/p>\n","protected":false},"excerpt":{"rendered":"<p>Vi \u00e4r ett lokalt f\u00f6retag i \u00c4ngelholm som levererar lokal nationell hosting milj\u00f6, samt hj\u00e4lp med utveckling av hemsidor. V\u00e5r aff\u00e4rsid\u00e9 \u00e4r att vara lokal nationell villket inneb\u00e4r att v\u00e5rt data lagras enbart i Sverige.<\/p>\n","protected":false},"author":1,"featured_media":0,"parent":0,"menu_order":0,"comment_status":"closed","ping_status":"open","template":"","meta":{"footnotes":""},"class_list":["post-84","page","type-page","status-publish","hentry"],"_links":{"self":[{"href":"http:\/\/new.elce.se\/index.php?rest_route=\/wp\/v2\/pages\/84","targetHints":{"allow":["GET"]}}],"collection":[{"href":"http:\/\/new.elce.se\/index.php?rest_route=\/wp\/v2\/pages"}],"about":[{"href":"http:\/\/new.elce.se\/index.php?rest_route=\/wp\/v2\/types\/page"}],"author":[{"embeddable":true,"href":"http:\/\/new.elce.se\/index.php?rest_route=\/wp\/v2\/users\/1"}],"replies":[{"embeddable":true,"href":"http:\/\/new.elce.se\/index.php?rest_route=%2Fwp%2Fv2%2Fcomments&post=84"}],"version-history":[{"count":8,"href":"http:\/\/new.elce.se\/index.php?rest_route=\/wp\/v2\/pages\/84\/revisions"}],"predecessor-version":[{"id":381,"href":"http:\/\/new.elce.se\/index.php?rest_route=\/wp\/v2\/pages\/84\/revisions\/381"}],"wp:attachment":[{"href":"http:\/\/new.elce.se\/index.php?rest_route=%2Fwp%2Fv2%2Fmedia&parent=84"}],"curies":[{"name":"wp","href":"https:\/\/api.w.org\/{rel}","templated":true}]}}